{"id":58,"date":"2018-05-13T10:11:34","date_gmt":"2018-05-13T08:11:34","guid":{"rendered":"http:\/\/asdpro.fr\/?page_id=58"},"modified":"2020-01-06T10:12:53","modified_gmt":"2020-01-06T09:12:53","slug":"fonction-publique","status":"publish","type":"page","link":"https:\/\/asdpro.fr\/?page_id=58","title":{"rendered":"Fonction publique"},"content":{"rendered":"<h3><strong><span style=\"color: #0000ff;\">ATTENTION: \u00e9volutions majeures dans les d\u00e9finitions et les proc\u00e9dures de reconnaissance des accidents du travail et des maladies professionnelles pour les fonctionnaires:<\/span><\/strong><\/h3>\n<p><a href=\"http:\/\/asdpro.fr\/wp-content\/uploads\/2020\/01\/ATMP-fonction-publique.pdf\">t\u00e9l\u00e9charger le diaporama qui pr\u00e9sente ces \u00e9volutions:<\/a><\/p>\n<p><span class=\"s1\" style=\"color: #0000ff;\"><strong>Demander l&#8217;imputabilit\u00e9 au service d&#8217;un suicide, d&#8217;un accident ou d&#8217;une maladie\u00a0:<\/strong><\/span><\/p>\n<p class=\"p2\"><span class=\"s1\">Il est parfois difficile de diff\u00e9rentier maladie et accident, m\u00eame si celui-ci (ou ceux-ci) peut \u00eatre rattach\u00e9 \u00e0 des faits pr\u00e9cis et dat\u00e9s. <\/span><\/p>\n<p class=\"p2\"><span class=\"s1\">Le Conseil d&#8217;Etat, derni\u00e8re instance judiciaire qui donne le ton aux tribunaux administratis et cours administratives d&#8217;appel, a une d\u00e9finition plus restreinte de l&#8217;accident de service que la Cour de Cassation (pour les r\u00e9gimes non fonctionnaires).<\/span><\/p>\n<p class=\"p2\"><span class=\"s1\">C&#8217;est pourquoi nous pr\u00e9conisons de libeller la demande de reconnaissance en indiquant\u00a0;<\/span><\/p>\n<p class=\"p2\"><span class=\"s1\">\u00ab\u00a0Je demande l&#8217;imputabilit\u00e9 au service des arr\u00eats de travail du\u00a0? Au\u00a0?, ainsi que la prise en charge des soins \u00e0 ce titre\u00a0\u00bb, <\/span><\/p>\n<p class=\"p2\"><span class=\"s1\">ou, en cas de suicide, \u00ab\u00a0Je demande l&#8217;imputabilit\u00e9 au service des arr\u00eats de travail du\u00a0d\u00e9c\u00e8s de M&#8230;\u00a0\u00bb, sans pr\u00e9ciser accident ou maladie<\/span><\/p>\n<p><span style=\"color: #0000ff;\"><strong>faire reconna\u00eetre un suicide comme accident de service.<\/strong><\/span><br \/>\n<strong> Guide pratique pour les ayants droit.<\/strong><\/p>\n<p><a href=\"http:\/\/asdpro.fr\/wp-content\/uploads\/2018\/05\/GUIDE-PRATIQUE-DES-AYANTS-DROIT.pdf\">T\u00e9l\u00e9charger le guide<\/a><\/p>\n<p><strong>ATTENTION<\/strong><\/p>\n<p>Ce guide n&#8217;a pas int\u00e9gr\u00e9 le d\u00e9cret n\u00b0 2019-122 du 21 f\u00e9vrier 2019 relatif au cong\u00e9 pour invalidit\u00e9 temporaire imputable au service dans la fonction publique de l\u2019Etat (voir supra) et\u00a0 <a href=\"https:\/\/www.legifrance.gouv.fr\/affichTexte.do?cidTexte=JORFTEXT000038158270&amp;categorieLien=id\" target=\"_blank\" rel=\"noopener noreferrer\" data-saferedirecturl=\"https:\/\/www.google.com\/url?q=https:\/\/www.legifrance.gouv.fr\/affichTexte.do?cidTexte%3DJORFTEXT000038158270%26categorieLien%3Did&amp;source=gmail&amp;ust=1578242895750000&amp;usg=AFQjCNFJ7aurmZIR51vaSJh7KS-wh86KCA\">https:\/\/www.legifrance.gouv.<wbr \/>fr\/affichTexte.do?cidTexte=<wbr \/>JORFTEXT000038158270&amp;<wbr \/>categorieLien=id\u00a0\u00a0<\/a><\/p>\n<p>ni les jurisprudences des 15 juin 2012:\u00a0<a href=\"http:\/\/www.legifrance.gouv.fr\/affichJuriAdmin.do?oldAction=rechJuriAdmin&amp;idTexte=CETATEXT000026079222&amp;fastReqId=360206734&amp;fastPos=1\" target=\"_blank\" rel=\"noopener noreferrer\" data-saferedirecturl=\"https:\/\/www.google.com\/url?q=http:\/\/www.legifrance.gouv.fr\/affichJuriAdmin.do?oldAction%3DrechJuriAdmin%26idTexte%3DCETATEXT000026079222%26fastReqId%3D360206734%26fastPos%3D1&amp;source=gmail&amp;ust=1578242895750000&amp;usg=AFQjCNG2d_J8ZzoRqA0xNwGZFVaLRDFgyg\">t\u00e9l\u00e9charger<\/a>\u00a0et 16 juillet 2014\u00a0<a href=\"http:\/\/www.legifrance.gouv.fr\/affichJuriAdmin.do?oldAction=rechJuriAdmin&amp;idTexte=CETATEXT000029255191&amp;fastReqId=843083567&amp;fastPos=1\" target=\"_blank\" rel=\"noopener noreferrer\" data-saferedirecturl=\"https:\/\/www.google.com\/url?q=http:\/\/www.legifrance.gouv.fr\/affichJuriAdmin.do?oldAction%3DrechJuriAdmin%26idTexte%3DCETATEXT000029255191%26fastReqId%3D843083567%26fastPos%3D1&amp;source=gmail&amp;ust=1578242895750000&amp;usg=AFQjCNGMqeUrI8bmQ_q-GzWRGA3jNwVboQ\">t\u00e9l\u00e9charger<\/a>\u00a0.<\/p>\n<p><em>(Un accident ayant lieu sur les lieux et temps de travail est r\u00e9put\u00e9 imputable au service, s\u2019il n\u2019est pas identifi\u00e9 une cause d\u00e9tachable du service, ou une faute.)<\/em><\/p>\n<p>Une mise \u00e0 jour est en cours.<\/p>\n<p><span style=\"color: #0000ff;\"><strong>Agir en commissions de r\u00e9forme<\/strong><\/span><\/p>\n<p>La commission de r\u00e9forme est la premi\u00e8re \u00e9tape pour une reconnaissance en accident de service ou maladie imputable au service, car il est rare (si cela s&#8217;est d\u00e9j\u00e0 produit?) que l&#8217;employeur public reconnaisse d&#8217;embl\u00e9e le caract\u00e8re professionnel d&#8217;un suicide, d&#8217;une tentative de suicide, d&#8217;une d\u00e9pression*, d&#8217;un stress post-traumatique*, ou d&#8217;une anxi\u00e9t\u00e9 g\u00e9n\u00e9ralis\u00e9e*.<\/p>\n<p>Notre exp\u00e9rience et celle des personnes qui nous ont sollicit\u00e9es nous montrent que cette commission est loin d&#8217;\u00eatre neutre et impartiale, et qu&#8217;elle est une \u00e9preuve pour les victimes et ayants-droit, et parfois aussi pour les repr\u00e9sentants du personnel.<\/p>\n<p>Ce n&#8217;est pas in\u00e9luctable, pour peu qu&#8217;on y soit mieux pr\u00e9par\u00e9.e.s.<\/p>\n<p>Nous vous proposons deux fiches pratiques,<\/p>\n<ul>\n<li>L\u2019une pour les repr\u00e9sentant.e.s du personnel en commission de r\u00e9forme, (qui si\u00e8gent \u00e0 l&#8217;ensemble de la commission (<a href=\"http:\/\/asdpro.fr\/wp-content\/uploads\/2018\/05\/Fiche-pratique-mandates-en-CR-V4-1-1.pdf\">t\u00e9l\u00e9charger<\/a>)<\/li>\n<li>L\u2019autre pour les accompagnant.e.s (ou repr\u00e9sentant.e.s) des victimes ou des ayants-droit, qui sont entendus par la commission.(<a href=\"http:\/\/asdpro.fr\/wp-content\/uploads\/2018\/05\/Fiche-pratique-accompagnant-CR-1-1.pdf\">t\u00e9l\u00e9charger<\/a>)<\/li>\n<\/ul>\n<p>Pour bien comprendre ce qu&#8217;est une commission de r\u00e9forme, nous avons commenc\u00e9 \u00e0 recueillir des t\u00e9moignages. Voil\u00e0 les premiers qui nous sont parvenus. 1001 jeux de r\u00f4les en commission de r\u00e9forme (<a href=\"http:\/\/asdpro.fr\/wp-content\/uploads\/2018\/05\/recits-comm-de-ref-30-01-2018.pdf\">t\u00e9l\u00e9charger<\/a>)<\/p>\n<p>Nous vous invitons \u00e0, vous aussi, \u00e0 prendre la plume &#8230; ou tout moyen d&#8217;expression qui vous convient (dessins, BD, documents sonores ou vid\u00e9os &#8230;)<\/p>\n<p>Nos conseils :<\/p>\n<p>Anonymiser. (Les personnes, l&#8217;employeur, le lieu, les dates&#8230;)<\/p>\n<p>Introduire des dialogues plut\u00f4t que &#8220;il a dit, j&#8217;ai r\u00e9pondu&#8221;. C&#8217;est plus facile \u00e0 \u00e9crire, et moins lourd \u00e0 lire.<\/p>\n<p>* termes pr\u00e9conis\u00e9s par le COCT, comit\u00e9 d\u2019orientation des conditions de travail, pr\u00e9f\u00e9rable \u00e0 \u00ab\u00a0burn-out\u00a0\u00bb<\/p>\n","protected":false},"excerpt":{"rendered":"ATTENTION: \u00e9volutions majeures dans les d\u00e9finitions et les proc\u00e9dures de reconnaissance des accidents du travail et des maladies professionnelles pour les fonctionnaires: t\u00e9l\u00e9charger le diaporama qui pr\u00e9sente ces \u00e9volutions: Demander l&#8217;imputabilit\u00e9 au service d&#8217;un suicide, d&#8217;un accident ou d&#8217;une maladie\u00a0: Il est parfois difficile de diff\u00e9rentier maladie et accident, m\u00eame si celui-ci (ou ceux-ci) peut&#8230; <a class=\"view-article\" href=\"https:\/\/asdpro.fr\/?page_id=58\">Voir l&#8217;article<\/a>","protected":false},"author":1,"featured_media":0,"parent":0,"menu_order":0,"comment_status":"closed","ping_status":"closed","template":"","meta":{"_s2mail":"","footnotes":""},"class_list":["post-58","page","type-page","status-publish","hentry"],"_links":{"self":[{"href":"https:\/\/asdpro.fr\/index.php?rest_route=\/wp\/v2\/pages\/58","targetHints":{"allow":["GET"]}}],"collection":[{"href":"https:\/\/asdpro.fr\/index.php?rest_route=\/wp\/v2\/pages"}],"about":[{"href":"https:\/\/asdpro.fr\/index.php?rest_route=\/wp\/v2\/types\/page"}],"author":[{"embeddable":true,"href":"https:\/\/asdpro.fr\/index.php?rest_route=\/wp\/v2\/users\/1"}],"replies":[{"embeddable":true,"href":"https:\/\/asdpro.fr\/index.php?rest_route=%2Fwp%2Fv2%2Fcomments&post=58"}],"version-history":[{"count":8,"href":"https:\/\/asdpro.fr\/index.php?rest_route=\/wp\/v2\/pages\/58\/revisions"}],"predecessor-version":[{"id":1707,"href":"https:\/\/asdpro.fr\/index.php?rest_route=\/wp\/v2\/pages\/58\/revisions\/1707"}],"wp:attachment":[{"href":"https:\/\/asdpro.fr\/index.php?rest_route=%2Fwp%2Fv2%2Fmedia&parent=58"}],"curies":[{"name":"wp","href":"https:\/\/api.w.org\/{rel}","templated":true}]}}