{"id":54,"date":"2018-05-13T10:07:10","date_gmt":"2018-05-13T08:07:10","guid":{"rendered":"http:\/\/asdpro.fr\/?page_id=54"},"modified":"2018-08-05T15:51:18","modified_gmt":"2018-08-05T13:51:18","slug":"rapport-du-crest","status":"publish","type":"page","link":"https:\/\/asdpro.fr\/?page_id=54","title":{"rendered":"Rapport &#8220;Gollac&#8221;"},"content":{"rendered":"<p>Mesurer les facteurs psychosociaux de risque au travail pour les ma\u00eetriser<br \/>\nRapport du Coll\u00e8ge d\u2019expertise sur le suivi des risques psychosociaux au travail, faisant suite \u00e0 la demande du Ministre du travail, de l\u2019emploi et de la sante<\/p>\n<p>Le comit\u00e9 d&#8217;experts propose de mettre en place des indicateurs nationaux pour suivre les six types de facteurs de risques psychosociaux suivants :. l&#8217;intensit\u00e9 du travail et le temps de travail ;. les exigences \u00e9motionnelles ;. le manque d&#8217;autonomie ;. la mauvaise qualit\u00e9 des rapports sociaux au travail ;. la souffrance \u00e9thique ;. l&#8217;ins\u00e9curit\u00e9 de la situation de travail.Le rapport pr\u00e9cise que ces facteurs ne doivent pas \u00eatre envisag\u00e9s s\u00e9par\u00e9ment et que leurs effets d\u00e9pendent aussi de la dur\u00e9e d&#8217;exposition. En outre, des \u00e9v\u00e9nements traumatisants, comme un licenciement ou une restructuration , peuvent influer sur ces facteurs.<\/p>\n<p><a href=\"http:\/\/asdpro.fr\/wp-content\/uploads\/2018\/05\/rapport_SRPST_definitif_rectifie_11_05_10.pdf\">T\u00e9l\u00e9charger le rapport<\/a><\/p>\n<a href=\"https:\/\/asdpro.fr\/wp-content\/uploads\/2018\/05\/rapport_SRPST_definitif_rectifie_11_05_10.pdf\" class=\"pdfemb-viewer\" style=\"\" data-width=\"max\" data-height=\"max\" data-toolbar=\"top\" data-toolbar-fixed=\"off\">rapport_SRPST_definitif_rectifie_11_05_10<\/a>\n","protected":false},"excerpt":{"rendered":"Mesurer les facteurs psychosociaux de risque au travail pour les ma\u00eetriser Rapport du Coll\u00e8ge d\u2019expertise sur le suivi des risques psychosociaux au travail, faisant suite \u00e0 la demande du Ministre du travail, de l\u2019emploi et de la sante Le comit\u00e9 d&#8217;experts propose de mettre en place des indicateurs nationaux pour suivre les six types de&#8230; <a class=\"view-article\" href=\"https:\/\/asdpro.fr\/?page_id=54\">Voir l&#8217;article<\/a>","protected":false},"author":1,"featured_media":0,"parent":0,"menu_order":0,"comment_status":"closed","ping_status":"closed","template":"","meta":{"_s2mail":"","footnotes":""},"class_list":["post-54","page","type-page","status-publish","hentry"],"_links":{"self":[{"href":"https:\/\/asdpro.fr\/index.php?rest_route=\/wp\/v2\/pages\/54","targetHints":{"allow":["GET"]}}],"collection":[{"href":"https:\/\/asdpro.fr\/index.php?rest_route=\/wp\/v2\/pages"}],"about":[{"href":"https:\/\/asdpro.fr\/index.php?rest_route=\/wp\/v2\/types\/page"}],"author":[{"embeddable":true,"href":"https:\/\/asdpro.fr\/index.php?rest_route=\/wp\/v2\/users\/1"}],"replies":[{"embeddable":true,"href":"https:\/\/asdpro.fr\/index.php?rest_route=%2Fwp%2Fv2%2Fcomments&post=54"}],"version-history":[{"count":3,"href":"https:\/\/asdpro.fr\/index.php?rest_route=\/wp\/v2\/pages\/54\/revisions"}],"predecessor-version":[{"id":1252,"href":"https:\/\/asdpro.fr\/index.php?rest_route=\/wp\/v2\/pages\/54\/revisions\/1252"}],"wp:attachment":[{"href":"https:\/\/asdpro.fr\/index.php?rest_route=%2Fwp%2Fv2%2Fmedia&parent=54"}],"curies":[{"name":"wp","href":"https:\/\/api.w.org\/{rel}","templated":true}]}}