{"id":49,"date":"2018-05-12T17:30:11","date_gmt":"2018-05-12T15:30:11","guid":{"rendered":"http:\/\/asdpro.fr\/?page_id=49"},"modified":"2021-01-17T16:00:21","modified_gmt":"2021-01-17T15:00:21","slug":"regime-general","status":"publish","type":"page","link":"https:\/\/asdpro.fr\/?page_id=49","title":{"rendered":"R\u00e9gime g\u00e9n\u00e9ral"},"content":{"rendered":"<p>Faire reconna\u00eetre un suicide comme accident du travail.<br \/>\nGuide pratique pour les ayants droit.<\/p>\n<p>Victime relevant du r\u00e9gime g\u00e9n\u00e9ral ou du r\u00e9gime agricole.<\/p>\n<p><a href=\"http:\/\/asdpro.fr\/wp-content\/uploads\/2021\/01\/GUIDE-ayants-droit-2020.pdf\">T\u00e9l\u00e9charger le guide<\/a><\/p>\n<p><strong>ATTENTION: deuis le 1er janvier 2019 se sont d\u00e9sormais les TGI (tribunaux de grande instance), et non plus les TASS (tribunaux des affaires de s\u00e9curit\u00e9 sociale) qui ont en charge les litiges en mati\u00e8re de s\u00e9curit\u00e9 sociale.<\/strong><\/p>\n<p>http:\/\/asdpro.fr\/wp-content\/uploads\/2021\/01\/GUIDE-ayants-droit-2020.pdf<\/p>\n","protected":false},"excerpt":{"rendered":"Faire reconna\u00eetre un suicide comme accident du travail. Guide pratique pour les ayants droit. Victime relevant du r\u00e9gime g\u00e9n\u00e9ral ou du r\u00e9gime agricole. T\u00e9l\u00e9charger le guide ATTENTION: deuis le 1er janvier 2019 se sont d\u00e9sormais les TGI (tribunaux de grande instance), et non plus les TASS (tribunaux des affaires de s\u00e9curit\u00e9 sociale) qui ont en&#8230; <a class=\"view-article\" href=\"https:\/\/asdpro.fr\/?page_id=49\">Voir l&#8217;article<\/a>","protected":false},"author":1,"featured_media":0,"parent":0,"menu_order":0,"comment_status":"closed","ping_status":"closed","template":"","meta":{"_s2mail":"yes","footnotes":""},"class_list":["post-49","page","type-page","status-publish","hentry"],"_links":{"self":[{"href":"https:\/\/asdpro.fr\/index.php?rest_route=\/wp\/v2\/pages\/49","targetHints":{"allow":["GET"]}}],"collection":[{"href":"https:\/\/asdpro.fr\/index.php?rest_route=\/wp\/v2\/pages"}],"about":[{"href":"https:\/\/asdpro.fr\/index.php?rest_route=\/wp\/v2\/types\/page"}],"author":[{"embeddable":true,"href":"https:\/\/asdpro.fr\/index.php?rest_route=\/wp\/v2\/users\/1"}],"replies":[{"embeddable":true,"href":"https:\/\/asdpro.fr\/index.php?rest_route=%2Fwp%2Fv2%2Fcomments&post=49"}],"version-history":[{"count":9,"href":"https:\/\/asdpro.fr\/index.php?rest_route=\/wp\/v2\/pages\/49\/revisions"}],"predecessor-version":[{"id":1748,"href":"https:\/\/asdpro.fr\/index.php?rest_route=\/wp\/v2\/pages\/49\/revisions\/1748"}],"wp:attachment":[{"href":"https:\/\/asdpro.fr\/index.php?rest_route=%2Fwp%2Fv2%2Fmedia&parent=49"}],"curies":[{"name":"wp","href":"https:\/\/api.w.org\/{rel}","templated":true}]}}