{"id":45,"date":"2018-05-12T16:31:20","date_gmt":"2018-05-12T14:31:20","guid":{"rendered":"http:\/\/asdpro.fr\/?page_id=45"},"modified":"2022-10-23T10:26:32","modified_gmt":"2022-10-23T08:26:32","slug":"je-rencontre-un-probleme-dans-mon-travail","status":"publish","type":"page","link":"https:\/\/asdpro.fr\/?page_id=45","title":{"rendered":"Je souffre au travail"},"content":{"rendered":"<div id=\"page-pb\">\n<div class=\"row first-row\"><a class=\"col-md-3\" href=\"http:\/\/asdpro.fr\/?page_id=1243\"><br \/>\n<img decoding=\"async\" src=\"http:\/\/asdpro.fr\/wp-content\/uploads\/2018\/08\/harcelement.jpg\" \/><br \/>\n<i class=\"far fa-arrow-alt-circle-right\"><\/i>\u00a0Je pense subir un harc\u00e8lement<br \/>\n<\/a><br \/>\n<a class=\"col-md-3\" href=\"http:\/\/asdpro.fr\/?page_id=1246\"><br \/>\n<img decoding=\"async\" src=\"http:\/\/asdpro.fr\/wp-content\/uploads\/2018\/08\/psychique.jpg\" \/><br \/>\n<i class=\"far fa-arrow-alt-circle-right\"><\/i>\u00a0J\u2019ai \u00e9t\u00e9 victime d\u2019un traumatisme psychique<\/a><br \/>\n<a class=\"col-md-3\" href=\"http:\/\/asdpro.fr\/?page_id=1248\"><br \/>\n<img decoding=\"async\" src=\"http:\/\/asdpro.fr\/wp-content\/uploads\/2018\/08\/travail-souffrir.jpg\" \/><br \/>\n<i class=\"far fa-arrow-alt-circle-right\"><\/i>\u00a0Mon travail me fait souffrir<\/a><br \/>\n<a class=\"col-md-3\" href=\"http:\/\/asdpro.fr\/?page_id=1364\"><br \/>\n<img decoding=\"async\" src=\"http:\/\/asdpro.fr\/wp-content\/uploads\/2018\/08\/burnout.jpg\" \/><br \/>\n<i class=\"far fa-arrow-alt-circle-right\"><\/i>\u00a0Je pense \u00eatre victime d&#8217;un burn out<\/a><\/div>\n<div class=\"row\">\n<div class=\"col-md-2\"><a href=\"http:\/\/www.souffrance-et-travail.com\/infos-utiles\/listes\/liste-consultations-souffrance-travail\/\"><img decoding=\"async\" src=\"http:\/\/asdpro.fr\/wp-content\/uploads\/2018\/05\/mapfrance.jpg\" alt=\"\" \/><\/a><\/div>\n<div class=\"col-md-4\">\n<h2><a href=\"http:\/\/www.souffrance-et-travail.com\/infos-utiles\/listes\/liste-consultations-souffrance-travail\/\">Liste des consultations Souffrance au travail<\/a><\/h2>\n<p>Liste des consultations sp\u00e9cialis\u00e9es dans la prise en charge de la Souffrance au Travail en france<\/p>\n<\/div>\n<div class=\"col-md-2\"><a href=\"http:\/\/asdpro.fr\/?page_id=54\"><img decoding=\"async\" src=\"http:\/\/asdpro.fr\/wp-content\/uploads\/2018\/05\/docicone.png\" alt=\"\" \/><\/a><\/div>\n<div class=\"col-md-4\">\n<h2><a href=\"http:\/\/asdpro.fr\/?page_id=54\">Rapport &#8220;Gollac&#8221;<\/a><\/h2>\n<p>Rapport du Coll\u00e8ge d\u2019expertise sur le suivi des risques psychosociaux au travail, faisant suite \u00e0 la demande du Ministre du travail, de l\u2019emploi et de la sante<\/p>\n<\/div>\n<\/div>\n<div class=\"row guides\">\n<div class=\"col-md-3\"><a href=\"http:\/\/asdpro.fr\/?page_id=49\"><br \/>\n<img decoding=\"async\" src=\"http:\/\/asdpro.fr\/wp-content\/uploads\/2018\/05\/guide.jpg\" \/><\/a><\/p>\n<h2>Guide : r\u00e9gime g\u00e9n\u00e9ral<\/h2>\n<p><a href=\"http:\/\/asdpro.fr\/?page_id=49\">Faire reconna\u00eetre un suicide comme accident du travail.<br \/>\n<\/a><\/p>\n<\/div>\n<div class=\"col-md-3\"><a href=\"http:\/\/asdpro.fr\/?page_id=58\"><br \/>\n<img decoding=\"async\" src=\"http:\/\/asdpro.fr\/wp-content\/uploads\/2018\/05\/guide.jpg\" \/><\/a><\/p>\n<h2>Guide : Fonction Publique d&#8217;Etat<\/h2>\n<p><a href=\"http:\/\/asdpro.fr\/?page_id=58\">Guide pratique pour les ayants droit.<br \/>\n<\/a><\/p>\n<\/div>\n<div class=\"col-md-3\"><a href=\"http:\/\/asdpro.fr\/?page_id=64\"><br \/>\n<img decoding=\"async\" src=\"http:\/\/asdpro.fr\/wp-content\/uploads\/2018\/05\/guide.jpg\" \/><\/a><\/p>\n<h2>Guide : Jurisprudence des RPS<\/h2>\n<p><a href=\"http:\/\/asdpro.fr\/?page_id=64\">Approches jurisprudentielles des risques psychosociaux et du harc\u00e8lement moral au travail.<br \/>\n<\/a><\/p>\n<\/div>\n<div class=\"col-md-3\"><a href=\"http:\/\/asdpro.fr\/?page_id=1256\"><br \/>\n<img decoding=\"async\" src=\"http:\/\/asdpro.fr\/wp-content\/uploads\/2018\/05\/guide.jpg\" \/><\/a><\/p>\n<h2>Faire reconna\u00eetre un traumatisme psychologique comme accident du travail<\/h2>\n<\/div>\n<\/div>\n<div class=\"separator\"><\/div>\n<h2 id=\"contact-title\"><\/h2>\n<div><\/div>\n<\/div>\n","protected":false},"excerpt":{"rendered":"\u00a0Je pense subir un harc\u00e8lement \u00a0J\u2019ai \u00e9t\u00e9 victime d\u2019un traumatisme psychique \u00a0Mon travail me fait souffrir \u00a0Je pense \u00eatre victime d&#8217;un burn out Liste des consultations Souffrance au travail Liste des consultations sp\u00e9cialis\u00e9es dans la prise en charge de la Souffrance au Travail en france Rapport &#8220;Gollac&#8221; Rapport du Coll\u00e8ge d\u2019expertise sur le suivi des&#8230; <a class=\"view-article\" href=\"https:\/\/asdpro.fr\/?page_id=45\">Voir l&#8217;article<\/a>","protected":false},"author":1,"featured_media":0,"parent":0,"menu_order":0,"comment_status":"closed","ping_status":"closed","template":"","meta":{"_s2mail":"yes","footnotes":""},"class_list":["post-45","page","type-page","status-publish","hentry"],"_links":{"self":[{"href":"https:\/\/asdpro.fr\/index.php?rest_route=\/wp\/v2\/pages\/45","targetHints":{"allow":["GET"]}}],"collection":[{"href":"https:\/\/asdpro.fr\/index.php?rest_route=\/wp\/v2\/pages"}],"about":[{"href":"https:\/\/asdpro.fr\/index.php?rest_route=\/wp\/v2\/types\/page"}],"author":[{"embeddable":true,"href":"https:\/\/asdpro.fr\/index.php?rest_route=\/wp\/v2\/users\/1"}],"replies":[{"embeddable":true,"href":"https:\/\/asdpro.fr\/index.php?rest_route=%2Fwp%2Fv2%2Fcomments&post=45"}],"version-history":[{"count":39,"href":"https:\/\/asdpro.fr\/index.php?rest_route=\/wp\/v2\/pages\/45\/revisions"}],"predecessor-version":[{"id":1948,"href":"https:\/\/asdpro.fr\/index.php?rest_route=\/wp\/v2\/pages\/45\/revisions\/1948"}],"wp:attachment":[{"href":"https:\/\/asdpro.fr\/index.php?rest_route=%2Fwp%2Fv2%2Fmedia&parent=45"}],"curies":[{"name":"wp","href":"https:\/\/api.w.org\/{rel}","templated":true}]}}