{"id":1898,"date":"2022-08-17T14:35:07","date_gmt":"2022-08-17T12:35:07","guid":{"rendered":"https:\/\/asdpro.fr\/?page_id=1898"},"modified":"2023-02-05T20:42:25","modified_gmt":"2023-02-05T19:42:25","slug":"nous-soutenir","status":"publish","type":"page","link":"https:\/\/asdpro.fr\/?page_id=1898","title":{"rendered":"Adh\u00e9rer \/ Faire un don"},"content":{"rendered":"\n<p>L\u2019Assembl\u00e9e G\u00e9n\u00e9rale du 10 d\u00e9cembre 2022 a d\u00e9cid\u00e9 de ne plus solliciter de cotisation pour devenir membre, mais une simple demande d\u2019adh\u00e9sion.<\/p>\n\n\n\n<p>Les dons seront notre principale source de revenus pour mener des actions collectives (participation \u00e0 des initiatives, organisations de journ\u00e9es d\u2019\u00e9tudes, s\u00e9minaires, colloques, r\u00e9daction d\u2019articles, cr\u00e9ation d\u2019un Groupement d\u2019Int\u00e9r\u00eat Scientifique (voir <a href=\"https:\/\/asdpro.fr\/wp-content\/uploads\/2023\/02\/projet-gis.pdf\">ici<\/a>), animation b\u00e9n\u00e9vole de stages, etc.. ) ; nous avons, pour cela, besoin de toutes celles et ceux qui sont convaincus de la justesse de ce combat.<\/p>\n\n\n\n<div class=\"sup-row\">\n\n<a class=\"col-md-3 carte offset-md-1\" href=\"https:\/\/asdpro.fr\/wp-content\/uploads\/2023\/02\/adhesion.pdf\" target=\"_blank\" rel=\"noopener\">\nAdh\u00e9rer<\/a>\n<a class=\"col-md-3 carte offset-5\" href=\"https:\/\/asdpro.fr\/wp-content\/uploads\/2022\/08\/form-don.pdf\" target=\"_blank\" rel=\"noopener\">\nFaire un don<br>\n<\/a><\/div>\n","protected":false},"excerpt":{"rendered":"L\u2019Assembl\u00e9e G\u00e9n\u00e9rale du 10 d\u00e9cembre 2022 a d\u00e9cid\u00e9 de ne plus solliciter de cotisation pour devenir membre, mais une simple demande d\u2019adh\u00e9sion. Les dons seront notre principale source de revenus pour mener des actions collectives (participation \u00e0 des initiatives, organisations de journ\u00e9es d\u2019\u00e9tudes, s\u00e9minaires, colloques, r\u00e9daction d\u2019articles, cr\u00e9ation d\u2019un Groupement d\u2019Int\u00e9r\u00eat Scientifique (voir ici), animation&#8230; <a class=\"view-article\" href=\"https:\/\/asdpro.fr\/?page_id=1898\">Voir l&#8217;article<\/a>","protected":false},"author":1,"featured_media":0,"parent":0,"menu_order":0,"comment_status":"closed","ping_status":"closed","template":"","meta":{"_s2mail":"yes","footnotes":""},"class_list":["post-1898","page","type-page","status-publish","hentry"],"_links":{"self":[{"href":"https:\/\/asdpro.fr\/index.php?rest_route=\/wp\/v2\/pages\/1898","targetHints":{"allow":["GET"]}}],"collection":[{"href":"https:\/\/asdpro.fr\/index.php?rest_route=\/wp\/v2\/pages"}],"about":[{"href":"https:\/\/asdpro.fr\/index.php?rest_route=\/wp\/v2\/types\/page"}],"author":[{"embeddable":true,"href":"https:\/\/asdpro.fr\/index.php?rest_route=\/wp\/v2\/users\/1"}],"replies":[{"embeddable":true,"href":"https:\/\/asdpro.fr\/index.php?rest_route=%2Fwp%2Fv2%2Fcomments&post=1898"}],"version-history":[{"count":11,"href":"https:\/\/asdpro.fr\/index.php?rest_route=\/wp\/v2\/pages\/1898\/revisions"}],"predecessor-version":[{"id":1982,"href":"https:\/\/asdpro.fr\/index.php?rest_route=\/wp\/v2\/pages\/1898\/revisions\/1982"}],"wp:attachment":[{"href":"https:\/\/asdpro.fr\/index.php?rest_route=%2Fwp%2Fv2%2Fmedia&parent=1898"}],"curies":[{"name":"wp","href":"https:\/\/api.w.org\/{rel}","templated":true}]}}