{"id":1457,"date":"2018-10-20T15:11:11","date_gmt":"2018-10-20T13:11:11","guid":{"rendered":"http:\/\/asdpro.fr\/?page_id=1457"},"modified":"2022-07-28T15:36:46","modified_gmt":"2022-07-28T13:36:46","slug":"liens-utiles","status":"publish","type":"page","link":"https:\/\/asdpro.fr\/?page_id=1457","title":{"rendered":"Liens utiles"},"content":{"rendered":"\n<ul class=\"wp-block-list\"><li><strong><a href=\"http:\/\/www.a-smt.org\/\" target=\"_blank\" rel=\"noreferrer noopener\">Association Sant\u00e9 et m\u00e9decine du travail<\/a><\/strong><\/li><\/ul>\n\n\n\n<div class=\"wp-block-image\"><figure class=\"alignleft\"><a href=\"http:\/\/a-smt.org\"><img loading=\"lazy\" decoding=\"async\" width=\"250\" height=\"31\" src=\"http:\/\/asdpro.fr\/wp-content\/uploads\/2018\/10\/banniere-7-250x31.jpg\" alt=\"\" class=\"wp-image-1460\" srcset=\"https:\/\/asdpro.fr\/wp-content\/uploads\/2018\/10\/banniere-7-250x31.jpg 250w, https:\/\/asdpro.fr\/wp-content\/uploads\/2018\/10\/banniere-7-768x94.jpg 768w, https:\/\/asdpro.fr\/wp-content\/uploads\/2018\/10\/banniere-7-700x86.jpg 700w, https:\/\/asdpro.fr\/wp-content\/uploads\/2018\/10\/banniere-7-120x15.jpg 120w, https:\/\/asdpro.fr\/wp-content\/uploads\/2018\/10\/banniere-7.jpg 900w\" sizes=\"auto, (max-width: 250px) 100vw, 250px\" \/><\/a><\/figure><\/div>\n\n\n\n<p>L&#8217;association SANT\u00c9 ET M\u00c9DECINE DU TRAVAIL a pour objet de d\u00e9velopper une r\u00e9flexion et de permettre un \u00e9change sur les pratiques professionnelles et leurs cons\u00e9quences scientifiques, sociales et \u00e9thiques pour agir sur l&#8217;\u00e9volution de la m\u00e9decine du travail.<\/p>\n\n\n\n<p>&#8220;\/&#8221;<\/p>\n\n\n\n<p><\/p>\n\n\n\n<p><\/p>\n\n\n\n<ul class=\"wp-block-list\"><li><strong><a href=\"http:\/\/www.sante-et-travail.fr\/\" target=\"_blank\" rel=\"noopener\">Revue Sant\u00e9 &amp; Travail<\/a><\/strong><\/li><\/ul>\n\n\n\n<div class=\"wp-block-image\"><figure class=\"alignleft\"><img loading=\"lazy\" decoding=\"async\" width=\"244\" height=\"116\" src=\"http:\/\/asdpro.fr\/wp-content\/uploads\/2018\/12\/download-1.jpg\" alt=\"\" class=\"wp-image-1505\" srcset=\"https:\/\/asdpro.fr\/wp-content\/uploads\/2018\/12\/download-1.jpg 244w, https:\/\/asdpro.fr\/wp-content\/uploads\/2018\/12\/download-1-120x57.jpg 120w\" sizes=\"auto, (max-width: 244px) 100vw, 244px\" \/><\/figure><\/div>\n\n\n\n<p>Lanc\u00e9 en 1991, Sant\u00e9 &amp; Travail est devenu le magazine de r\u00e9f\u00e9rence des acteurs de la pr\u00e9vention en entreprise.<\/p>\n\n\n\n<p><\/p>\n\n\n\n<p><\/p>\n\n\n\n<p><\/p>\n\n\n\n<p>&#8220;\/&#8221;<\/p>\n\n\n\n<p><\/p>\n\n\n\n<p><\/p>\n\n\n\n<p><\/p>\n\n\n\n<ul class=\"wp-block-list\"><li><strong><a href=\"http:\/\/www.souffrance-et-travail.com\/\"><img decoding=\"async\" class=\"alignnone size-medium wp-image-1465\" src=\"http:\/\/asdpro.fr\/wp-content\/uploads\/2018\/10\/te?le?chargement.jpeg\" alt=\"\">Souffrance et travail<\/a><\/strong><\/li><\/ul>\n\n\n\n<div class=\"wp-block-image\"><figure class=\"alignleft\"><a href=\"http:\/\/souffrance-et-travail.com\"><img loading=\"lazy\" decoding=\"async\" width=\"250\" height=\"67\" src=\"http:\/\/asdpro.fr\/wp-content\/uploads\/2018\/10\/SET-logo-bevel-ne-restez-pas-seuls-638x170-250x67.png\" alt=\"\" class=\"wp-image-1464\" srcset=\"https:\/\/asdpro.fr\/wp-content\/uploads\/2018\/10\/SET-logo-bevel-ne-restez-pas-seuls-638x170-250x67.png 250w, https:\/\/asdpro.fr\/wp-content\/uploads\/2018\/10\/SET-logo-bevel-ne-restez-pas-seuls-638x170-120x32.png 120w, https:\/\/asdpro.fr\/wp-content\/uploads\/2018\/10\/SET-logo-bevel-ne-restez-pas-seuls-638x170.png 638w\" sizes=\"auto, (max-width: 250px) 100vw, 250px\" \/><\/a><\/figure><\/div>\n\n\n\n<p><\/p>\n\n\n\n<p>Souffrance et Travail vous propose d\u2019un c\u00f4t\u00e9 le magazine avec des articles publi\u00e9s r\u00e9guli\u00e8rement sur les sujets qui vous tiennent \u00e0 coeur, et de l\u2019autre un recueil d\u2019infos utiles et surtout les guides pratiques pour chaque acteur concern\u00e9.<\/p>\n\n\n\n<p><\/p>\n\n\n\n<p><\/p>\n\n\n\n<p> <\/p>\n\n\n\n<p><\/p>\n\n\n\n<p><\/p>\n\n\n\n<p><\/p>\n\n\n\n<p><\/p>\n\n\n\n<p> <\/p>\n\n\n\n<ul class=\"wp-block-list\"><li><strong><a href=\"http:\/\/fnath.org\" target=\"_blank\" rel=\"noreferrer noopener\">Association des accident\u00e9s de la vie: FNATH<\/a><\/strong><\/li><\/ul>\n\n\n\n<div class=\"wp-block-image\"><figure class=\"alignleft\"><img loading=\"lazy\" decoding=\"async\" width=\"225\" height=\"225\" src=\"http:\/\/asdpro.fr\/wp-content\/uploads\/2018\/12\/download.jpg\" alt=\"\" class=\"wp-image-1500\" srcset=\"https:\/\/asdpro.fr\/wp-content\/uploads\/2018\/12\/download.jpg 225w, https:\/\/asdpro.fr\/wp-content\/uploads\/2018\/12\/download-150x150.jpg 150w, https:\/\/asdpro.fr\/wp-content\/uploads\/2018\/12\/download-120x120.jpg 120w\" sizes=\"auto, (max-width: 225px) 100vw, 225px\" \/><\/figure><\/div>\n\n\n\n<p class=\"has-text-align-left\">la FNATH accompagne, depuis pr\u00e8s de 100 ans, les personnes accident\u00e9es de la vie et leurs familles dans leurs d\u00e9marches juridiques et administratives. Elle intervient pour faciliter leur acc\u00e8s au droit dans le domaine des accidents du travail , des maladies professionnelles, des accidents de trajet, mais aussi de toute maladie et handicap.<\/p>\n","protected":false},"excerpt":{"rendered":"Association Sant\u00e9 et m\u00e9decine du travail L&#8217;association SANT\u00c9 ET M\u00c9DECINE DU TRAVAIL a pour objet de d\u00e9velopper une r\u00e9flexion et de permettre un \u00e9change sur les pratiques professionnelles et leurs cons\u00e9quences scientifiques, sociales et \u00e9thiques pour agir sur l&#8217;\u00e9volution de la m\u00e9decine du travail. &#8220;\/&#8221; Revue Sant\u00e9 &amp; Travail Lanc\u00e9 en 1991, Sant\u00e9 &amp; Travail&#8230; <a class=\"view-article\" href=\"https:\/\/asdpro.fr\/?page_id=1457\">Voir l&#8217;article<\/a>","protected":false},"author":1,"featured_media":0,"parent":0,"menu_order":0,"comment_status":"closed","ping_status":"closed","template":"","meta":{"_s2mail":"yes","footnotes":""},"class_list":["post-1457","page","type-page","status-publish","hentry"],"_links":{"self":[{"href":"https:\/\/asdpro.fr\/index.php?rest_route=\/wp\/v2\/pages\/1457","targetHints":{"allow":["GET"]}}],"collection":[{"href":"https:\/\/asdpro.fr\/index.php?rest_route=\/wp\/v2\/pages"}],"about":[{"href":"https:\/\/asdpro.fr\/index.php?rest_route=\/wp\/v2\/types\/page"}],"author":[{"embeddable":true,"href":"https:\/\/asdpro.fr\/index.php?rest_route=\/wp\/v2\/users\/1"}],"replies":[{"embeddable":true,"href":"https:\/\/asdpro.fr\/index.php?rest_route=%2Fwp%2Fv2%2Fcomments&post=1457"}],"version-history":[{"count":17,"href":"https:\/\/asdpro.fr\/index.php?rest_route=\/wp\/v2\/pages\/1457\/revisions"}],"predecessor-version":[{"id":1883,"href":"https:\/\/asdpro.fr\/index.php?rest_route=\/wp\/v2\/pages\/1457\/revisions\/1883"}],"wp:attachment":[{"href":"https:\/\/asdpro.fr\/index.php?rest_route=%2Fwp%2Fv2%2Fmedia&parent=1457"}],"curies":[{"name":"wp","href":"https:\/\/api.w.org\/{rel}","templated":true}]}}