{"id":1364,"date":"2018-08-06T17:00:52","date_gmt":"2018-08-06T15:00:52","guid":{"rendered":"http:\/\/asdpro.fr\/?page_id=1364"},"modified":"2021-01-17T15:52:25","modified_gmt":"2021-01-17T14:52:25","slug":"je-pense-etre-victime-dun-burn-out","status":"publish","type":"page","link":"https:\/\/asdpro.fr\/?page_id=1364","title":{"rendered":"Je pense \u00eatre victime d&#8217;un burn out"},"content":{"rendered":"<p><strong>Le burn out, \u00e9galement appel\u00e9 \u00ab&nbsp;syndrome d\u2019\u00e9puisement professionnel&nbsp;\u00bb n\u2019est pas une pathologie mais une construction clinique qui n\u2019a pas valeur de pathologie av\u00e9r\u00e9e, ce qui emp\u00eache de recourir aux proc\u00e9dures de reconnaissance des pathologies professionnelles<\/strong><\/p>\n<ul>\n<li>ce \u00ab&nbsp;syndrome&nbsp;\u00bb met sous le boisseau les pathologies d\u00e9pressives ou anxieuses qui en sont le c\u0153ur<\/li>\n<li>il permet de construire un alibi pour l\u2019organisation du travail car il met en avant des fragilit\u00e9s individuelles ou le perfectionnisme comme concourant \u00e0 la survenue du \u00ab&nbsp;syndrome d\u2019\u00e9puisement professionnel&nbsp;\u00bb.<\/li>\n<\/ul>\n<p>L\u2019\u00e9puisement professionnel est une cons\u00e9quence de ce qu\u2019il est convenu d\u2019appeler la souffrance au travail. En fait, les pathologies engendr\u00e9es par l\u2019activit\u00e9 de travail et son organisation ne sont identifiables qu\u2019\u00e0 travers l\u2019analyse de ces derni\u00e8res, l\u2019engagement du sujet dans son travail, la fa\u00e7on dont il coop\u00e8re avec autrui, la dynamique collective dans laquelle il travaille et la sp\u00e9cificit\u00e9 de son collectif de travail et des rapports sociaux qui s\u2019y nouent.<\/p>\n<p>Or, l\u2019\u00e9puisement professionnel est la cons\u00e9quence in\u00e9vitable d\u2019organisations du travail pathog\u00e8nes qui sont responsables d\u2019\u00e9tats de stress post-traumatiques, d\u2019\u00e9tats anxieux et de d\u00e9pressions professionnelles.<\/p>\n<p>Il est donc extr\u00eamement r\u00e9ducteur et dangereux de focaliser la pr\u00e9vention sur ce seul sympt\u00f4me. C\u2019est pourquoi \u00e9galement il est faux d\u2019employer le terme de \u00ab syndrome \u00bb, alors qu\u2019il s\u2019agit bien de \u00ab sympt\u00f4mes \u00bb d\u2019\u00e9puisement professionnel comme une cons\u00e9quence parmi d\u2019autres d\u2019organisations du travail d\u00e9l\u00e9t\u00e8res.<\/p>\n<p>&nbsp;<\/p>\n<p>L\u2019\u00e9puisement professionnel est donc un sympt\u00f4me ou une une des manifestations cliniques d\u2019une pathologie psychique, lesquelles peuvent tr\u00e8s bien pr\u00e9senter d\u2019autres sympt\u00f4mes et d\u2019autres manifestations cliniques.<\/p>\n<p>&nbsp;<\/p>\n<p>Notre association n\u2019utilise donc pas ce concept \u00ab&nbsp;valise&nbsp;\u00bb qui ne permet pas d\u2019aborder l\u2019ensemble des causes potentiellement pathog\u00e8ne de certaines organisations du travail.<\/p>\n<p>&nbsp;<\/p>\n<p>Nous vous invitons donc \u00e0 vous reporter <a href=\"http:\/\/asdpro.fr\/?page_id=1248\">ici<\/a><\/p>\n","protected":false},"excerpt":{"rendered":"Le burn out, \u00e9galement appel\u00e9 \u00ab&nbsp;syndrome d\u2019\u00e9puisement professionnel&nbsp;\u00bb n\u2019est pas une pathologie mais une construction clinique qui n\u2019a pas valeur de pathologie av\u00e9r\u00e9e, ce qui emp\u00eache de recourir aux proc\u00e9dures de reconnaissance des pathologies professionnelles ce \u00ab&nbsp;syndrome&nbsp;\u00bb met sous le boisseau les pathologies d\u00e9pressives ou anxieuses qui en sont le c\u0153ur il permet de construire&#8230; <a class=\"view-article\" href=\"https:\/\/asdpro.fr\/?page_id=1364\">Voir l&#8217;article<\/a>","protected":false},"author":1,"featured_media":0,"parent":0,"menu_order":0,"comment_status":"closed","ping_status":"closed","template":"","meta":{"_s2mail":"yes","footnotes":""},"class_list":["post-1364","page","type-page","status-publish","hentry"],"_links":{"self":[{"href":"https:\/\/asdpro.fr\/index.php?rest_route=\/wp\/v2\/pages\/1364","targetHints":{"allow":["GET"]}}],"collection":[{"href":"https:\/\/asdpro.fr\/index.php?rest_route=\/wp\/v2\/pages"}],"about":[{"href":"https:\/\/asdpro.fr\/index.php?rest_route=\/wp\/v2\/types\/page"}],"author":[{"embeddable":true,"href":"https:\/\/asdpro.fr\/index.php?rest_route=\/wp\/v2\/users\/1"}],"replies":[{"embeddable":true,"href":"https:\/\/asdpro.fr\/index.php?rest_route=%2Fwp%2Fv2%2Fcomments&post=1364"}],"version-history":[{"count":7,"href":"https:\/\/asdpro.fr\/index.php?rest_route=\/wp\/v2\/pages\/1364\/revisions"}],"predecessor-version":[{"id":1740,"href":"https:\/\/asdpro.fr\/index.php?rest_route=\/wp\/v2\/pages\/1364\/revisions\/1740"}],"wp:attachment":[{"href":"https:\/\/asdpro.fr\/index.php?rest_route=%2Fwp%2Fv2%2Fmedia&parent=1364"}],"curies":[{"name":"wp","href":"https:\/\/api.w.org\/{rel}","templated":true}]}}