{"id":1309,"date":"2018-08-06T13:07:21","date_gmt":"2018-08-06T11:07:21","guid":{"rendered":"http:\/\/asdpro.fr\/?page_id=1309"},"modified":"2018-08-08T16:46:43","modified_gmt":"2018-08-08T14:46:43","slug":"nos-monographies","status":"publish","type":"page","link":"https:\/\/asdpro.fr\/?page_id=1309","title":{"rendered":"Nos monographies"},"content":{"rendered":"<p>le cas \u00e9ch\u00e9ant, suivant les circonstances, le contexte, les informations dont nous disposons, nous r\u00e9digeons une <strong>monographie<\/strong>.<\/p>\n<p>cette derni\u00e8re retrace l&#8217;histoire en sant\u00e9 au travail de la personne en souffrance, ou suicid\u00e9e, ainsi que l&#8217;analyse des circonstances de l&#8217;apparition de la pathologie (ou du suicide).<\/p>\n<p><strong>La monographie \u00ab\u00a0raconte\u00a0\u00bb l\u2019histoire du salari\u00e9. <u>Elle est bas\u00e9e sur l\u2019\u00e9tablissement d\u2019un faisceau d\u2019indices<\/u> qui ne cherche pas \u00e0 \u00ab\u00a0prouver\u00a0\u00bb mais \u00e0 \u00ab\u00a0convaincre\u00a0\u00bb le lecteur, et lui permettre de comprendre \u00ab\u00a0pourquoi et comment on en est arriv\u00e9 l\u00e0\u00a0\u00bb.<\/strong><\/p>\n<p>ces monographies peuvent \u00eatre utilis\u00e9es par les victimes ou les ayants droits dans l&#8217;ensemble de leurs d\u00e9marches visant \u00e0 la reconnaissance ATMP. Elles n&#8217;ont toutefois pas valeur &#8220;d&#8217;expertises judiciaires&#8221;, mais peuvent \u00eatre transmises aux juges ( ou \u00e0 la CRA ou aux commissions de r\u00e9forme) \u00e0 titre d&#8217;\u00e9l\u00e9ment de compr\u00e9hension.<\/p>\n<p>nous publions ici quelques exemples de ces monographies qui, bien \u00e9videment, ont \u00e9t\u00e9 au pr\u00e9alable totalement anonymis\u00e9es. (noms, dates et lieux ont \u00e9t\u00e9 chang\u00e9s).<\/p>\n<ul>\n<li><a href=\"http:\/\/asdpro.fr\/wp-content\/uploads\/2018\/08\/monographie1.pdf\">suicide de Mlle SB, sapeure pompier professionnelle<\/a><\/li>\n<li><a href=\"http:\/\/asdpro.fr\/wp-content\/uploads\/2018\/08\/monographie2.pdf\">suicide de Mme AG, responsable de fabrication<\/a><\/li>\n<li><a href=\"http:\/\/asdpro.fr\/wp-content\/uploads\/2018\/08\/monographie3.pdf\">suicide de Mr PC, responsable m\u00e9thodes<\/a><\/li>\n<\/ul>\n","protected":false},"excerpt":{"rendered":"le cas \u00e9ch\u00e9ant, suivant les circonstances, le contexte, les informations dont nous disposons, nous r\u00e9digeons une monographie. cette derni\u00e8re retrace l&#8217;histoire en sant\u00e9 au travail de la personne en souffrance, ou suicid\u00e9e, ainsi que l&#8217;analyse des circonstances de l&#8217;apparition de la pathologie (ou du suicide). La monographie \u00ab\u00a0raconte\u00a0\u00bb l\u2019histoire du salari\u00e9. Elle est bas\u00e9e sur&#8230; <a class=\"view-article\" href=\"https:\/\/asdpro.fr\/?page_id=1309\">Voir l&#8217;article<\/a>","protected":false},"author":1,"featured_media":0,"parent":0,"menu_order":0,"comment_status":"closed","ping_status":"closed","template":"","meta":{"_s2mail":"","footnotes":""},"class_list":["post-1309","page","type-page","status-publish","hentry"],"_links":{"self":[{"href":"https:\/\/asdpro.fr\/index.php?rest_route=\/wp\/v2\/pages\/1309","targetHints":{"allow":["GET"]}}],"collection":[{"href":"https:\/\/asdpro.fr\/index.php?rest_route=\/wp\/v2\/pages"}],"about":[{"href":"https:\/\/asdpro.fr\/index.php?rest_route=\/wp\/v2\/types\/page"}],"author":[{"embeddable":true,"href":"https:\/\/asdpro.fr\/index.php?rest_route=\/wp\/v2\/users\/1"}],"replies":[{"embeddable":true,"href":"https:\/\/asdpro.fr\/index.php?rest_route=%2Fwp%2Fv2%2Fcomments&post=1309"}],"version-history":[{"count":8,"href":"https:\/\/asdpro.fr\/index.php?rest_route=\/wp\/v2\/pages\/1309\/revisions"}],"predecessor-version":[{"id":1394,"href":"https:\/\/asdpro.fr\/index.php?rest_route=\/wp\/v2\/pages\/1309\/revisions\/1394"}],"wp:attachment":[{"href":"https:\/\/asdpro.fr\/index.php?rest_route=%2Fwp%2Fv2%2Fmedia&parent=1309"}],"curies":[{"name":"wp","href":"https:\/\/api.w.org\/{rel}","templated":true}]}}