{"id":1256,"date":"2018-08-05T15:56:27","date_gmt":"2018-08-05T13:56:27","guid":{"rendered":"http:\/\/asdpro.fr\/?page_id=1256"},"modified":"2022-02-05T19:41:44","modified_gmt":"2022-02-05T18:41:44","slug":"faire-reconnaitre-un-traumatisme-psychologique-comme-accident-du-travail","status":"publish","type":"page","link":"https:\/\/asdpro.fr\/?page_id=1256","title":{"rendered":"Faire reconna\u00eetre un traumatisme psychologique comme accident du travail"},"content":{"rendered":"\n<div class=\"wp-block-file\"><a href=\"http:\/\/asdpro.fr\/wp-content\/uploads\/2021\/01\/Logigramme-reconnaissance-ATMP-suicide_22-01-20-1.pdf\">Logigramme-reconnaissance-ATMP-suicide_22-01-20-1<\/a><a href=\"http:\/\/asdpro.fr\/wp-content\/uploads\/2021\/01\/Logigramme-reconnaissance-ATMP-suicide_22-01-20-1.pdf\" class=\"wp-block-file__button\" download>T\u00e9l\u00e9charger<\/a><\/div>\n\n\n\n<p><a href=\"https:\/\/asdpro.fr\/wp-content\/uploads\/2022\/02\/Faire-reconnaitre-un-traumatisme-psychologique-comme-accident-du-travail-1.pdf\" data-type=\"URL\" target=\"_blank\" rel=\"noreferrer noopener\">t\u00e9l\u00e9charger le rapport<\/a><\/p>\n\n\n\n<p><\/p>\n\n\n\n<p><strong>ATTENTION: deuis le 1er janvier 2019 se sont d\u00e9sormais les TGI (tribunaux de grande instance), et non plus les TASS (tribunaux des affaires de s\u00e9curit\u00e9 sociale) qui ont en charge les litiges en mati\u00e8re de s\u00e9curit\u00e9 sociale.<\/strong><\/p>\n","protected":false},"excerpt":{"rendered":"t\u00e9l\u00e9charger le rapport ATTENTION: deuis le 1er janvier 2019 se sont d\u00e9sormais les TGI (tribunaux de grande instance), et non plus les TASS (tribunaux des affaires de s\u00e9curit\u00e9 sociale) qui ont en charge les litiges en mati\u00e8re de s\u00e9curit\u00e9 sociale.","protected":false},"author":1,"featured_media":0,"parent":0,"menu_order":0,"comment_status":"closed","ping_status":"closed","template":"","meta":{"_s2mail":"yes","footnotes":""},"class_list":["post-1256","page","type-page","status-publish","hentry"],"_links":{"self":[{"href":"https:\/\/asdpro.fr\/index.php?rest_route=\/wp\/v2\/pages\/1256","targetHints":{"allow":["GET"]}}],"collection":[{"href":"https:\/\/asdpro.fr\/index.php?rest_route=\/wp\/v2\/pages"}],"about":[{"href":"https:\/\/asdpro.fr\/index.php?rest_route=\/wp\/v2\/types\/page"}],"author":[{"embeddable":true,"href":"https:\/\/asdpro.fr\/index.php?rest_route=\/wp\/v2\/users\/1"}],"replies":[{"embeddable":true,"href":"https:\/\/asdpro.fr\/index.php?rest_route=%2Fwp%2Fv2%2Fcomments&post=1256"}],"version-history":[{"count":23,"href":"https:\/\/asdpro.fr\/index.php?rest_route=\/wp\/v2\/pages\/1256\/revisions"}],"predecessor-version":[{"id":1830,"href":"https:\/\/asdpro.fr\/index.php?rest_route=\/wp\/v2\/pages\/1256\/revisions\/1830"}],"wp:attachment":[{"href":"https:\/\/asdpro.fr\/index.php?rest_route=%2Fwp%2Fv2%2Fmedia&parent=1256"}],"curies":[{"name":"wp","href":"https:\/\/api.w.org\/{rel}","templated":true}]}}