{"id":1248,"date":"2018-08-05T15:47:10","date_gmt":"2018-08-05T13:47:10","guid":{"rendered":"http:\/\/asdpro.fr\/?page_id=1248"},"modified":"2022-10-23T10:28:10","modified_gmt":"2022-10-23T08:28:10","slug":"mon-travail-me-fait-souffrir","status":"publish","type":"page","link":"https:\/\/asdpro.fr\/?page_id=1248","title":{"rendered":"Mon travail me fait souffrir"},"content":{"rendered":"<p>Deux cas\u00a0:<\/p>\n<p><strong>1- Je suis en arr\u00eat de travail<\/strong><\/p>\n<p>Mon m\u00e9decin m\u2019a mis(e) en arr\u00eat de travail,\u00a0ou j\u2019ai \u00e9t\u00e9 hospistalis\u00e9(e) et suis en arr\u00eat depuis\u00a0:<\/p>\n<p>Deux cas s\u2019offrent \u00e0 vous<\/p>\n<ul>\n<li>soit cet arr\u00eat est cons\u00e9cutif (ou vous pouvez le raccorder) \u00e0 un \u00e9v\u00e9nement pr\u00e9cis<\/li>\n<li>soit vous soufrer sans pouvoir le raccorder \u00e0 un fait pr\u00e9cis, vous \u00eates plut\u00f4t dans le cadre d\u2019une exposition aux \u00ab\u00a0facteurs de risques psychosociaux.<\/li>\n<\/ul>\n<p>Dans le premier cas vous devez d\u00e9clarer cet \u00e9v\u00e9nement en accident du travail (voir le guide en cliquant sur <a href=\"https:\/\/asdpro.fr\/wp-content\/uploads\/2022\/02\/Faire-reconnaitre-un-traumatisme-psychologique-comme-accident-du-travail-1.pdf\">ce lien<\/a>)<\/p>\n<p>Dans le second cas il faudra peut \u00eatre envisager la d\u00e9claration en maladie professionnelle.<\/p>\n<p>Dans tout les cas, il faut demander \u00e0 votre m\u00e9decin un certificat m\u00e9dical constatant votre pathologie. Il est important aussi de solliciter le m\u00e9decin du travail.<\/p>\n<p><strong>2- Je travaille encore, mais je souffre de plus en plus.<\/strong><\/p>\n<p>Il faut alors comprendre pourquoi\u2026<\/p>\n<p>Appr\u00e9hender ce qui fait souffrir<\/p>\n<p>Se faire aider dans cette d\u00e9marche de compr\u00e9hension (syndicats, ASD-Pro, m\u00e9decins, <a href=\"http:\/\/www.souffrance-et-travail.com\/infos-utiles\/listes\/liste-consultations-souffrance-travail\/\">consultations souffrance au travail<\/a>)<\/p>\n<div class=\"separator\"><\/div>\n<div><\/div>\n","protected":false},"excerpt":{"rendered":"Deux cas\u00a0: 1- Je suis en arr\u00eat de travail Mon m\u00e9decin m\u2019a mis(e) en arr\u00eat de travail,\u00a0ou j\u2019ai \u00e9t\u00e9 hospistalis\u00e9(e) et suis en arr\u00eat depuis\u00a0: Deux cas s\u2019offrent \u00e0 vous soit cet arr\u00eat est cons\u00e9cutif (ou vous pouvez le raccorder) \u00e0 un \u00e9v\u00e9nement pr\u00e9cis soit vous soufrer sans pouvoir le raccorder \u00e0 un fait pr\u00e9cis,&#8230; <a class=\"view-article\" href=\"https:\/\/asdpro.fr\/?page_id=1248\">Voir l&#8217;article<\/a>","protected":false},"author":1,"featured_media":0,"parent":0,"menu_order":0,"comment_status":"closed","ping_status":"closed","template":"","meta":{"_s2mail":"yes","footnotes":""},"class_list":["post-1248","page","type-page","status-publish","hentry"],"_links":{"self":[{"href":"https:\/\/asdpro.fr\/index.php?rest_route=\/wp\/v2\/pages\/1248","targetHints":{"allow":["GET"]}}],"collection":[{"href":"https:\/\/asdpro.fr\/index.php?rest_route=\/wp\/v2\/pages"}],"about":[{"href":"https:\/\/asdpro.fr\/index.php?rest_route=\/wp\/v2\/types\/page"}],"author":[{"embeddable":true,"href":"https:\/\/asdpro.fr\/index.php?rest_route=\/wp\/v2\/users\/1"}],"replies":[{"embeddable":true,"href":"https:\/\/asdpro.fr\/index.php?rest_route=%2Fwp%2Fv2%2Fcomments&post=1248"}],"version-history":[{"count":9,"href":"https:\/\/asdpro.fr\/index.php?rest_route=\/wp\/v2\/pages\/1248\/revisions"}],"predecessor-version":[{"id":1949,"href":"https:\/\/asdpro.fr\/index.php?rest_route=\/wp\/v2\/pages\/1248\/revisions\/1949"}],"wp:attachment":[{"href":"https:\/\/asdpro.fr\/index.php?rest_route=%2Fwp%2Fv2%2Fmedia&parent=1248"}],"curies":[{"name":"wp","href":"https:\/\/api.w.org\/{rel}","templated":true}]}}