{"id":1246,"date":"2018-08-05T15:42:18","date_gmt":"2018-08-05T13:42:18","guid":{"rendered":"http:\/\/asdpro.fr\/?page_id=1246"},"modified":"2022-10-23T10:24:14","modified_gmt":"2022-10-23T08:24:14","slug":"jai-ete-victime-dun-traumatisme-psychique-sur-mon-lieu-de-travail","status":"publish","type":"page","link":"https:\/\/asdpro.fr\/?page_id=1246","title":{"rendered":"J\u2019ai \u00e9t\u00e9 victime d\u2019un traumatisme psychique"},"content":{"rendered":"<p><strong>j\u2019ai \u00e9t\u00e9 victime d\u2019un traumatisme psychique sur mon lieu de travail, ou en dehors de mon travail mais en lien avec celui-ci.<\/strong><\/p>\n<p>Ce traumatisme psychique peut prendre de multiples formes\u00a0: crise de larmes, effondrement psychique, d\u00e9compensation, stress aigue, r\u00e9action de violence etc\u2026<\/p>\n<p>Il est cons\u00e9cutif \u00e0 un \u00e9v\u00e9nement pr\u00e9cis, ou \u00e0 une succession d\u2019\u00e9v\u00e8nements dat\u00e9s.<\/p>\n<p><b>La d\u00e9marche \u00e0 suivre est celle d\u2019une d\u00e9claration en \u00ab\u00a0accident du travail\u00a0\u00bb<\/b><\/p>\n<p>Si vous relevez du r\u00e9gime g\u00e9n\u00e9ral (s\u00e9curit\u00e9 sociale) Vous trouverez l\u2019ensemble des d\u00e9marches \u00e0 effectuer en <a href=\"https:\/\/asdpro.fr\/wp-content\/uploads\/2021\/12\/faire-reconnaitre-un-traumatisme-psychologique-comme-accident-du-travail.pdf\">cliquant sur ce lien.<\/a><\/p>\n<p>Un guide identique pour la fonction publique est en cours de r\u00e9alisation.<\/p>\n<div class=\"separator\"><\/div>\n<h2 id=\"contact-title\"><\/h2>\n<div><\/div>\n","protected":false},"excerpt":{"rendered":"j\u2019ai \u00e9t\u00e9 victime d\u2019un traumatisme psychique sur mon lieu de travail, ou en dehors de mon travail mais en lien avec celui-ci. Ce traumatisme psychique peut prendre de multiples formes\u00a0: crise de larmes, effondrement psychique, d\u00e9compensation, stress aigue, r\u00e9action de violence etc\u2026 Il est cons\u00e9cutif \u00e0 un \u00e9v\u00e9nement pr\u00e9cis, ou \u00e0 une succession d\u2019\u00e9v\u00e8nements dat\u00e9s&#8230;. <a class=\"view-article\" href=\"https:\/\/asdpro.fr\/?page_id=1246\">Voir l&#8217;article<\/a>","protected":false},"author":1,"featured_media":0,"parent":0,"menu_order":0,"comment_status":"closed","ping_status":"closed","template":"","meta":{"_s2mail":"yes","footnotes":""},"class_list":["post-1246","page","type-page","status-publish","hentry"],"_links":{"self":[{"href":"https:\/\/asdpro.fr\/index.php?rest_route=\/wp\/v2\/pages\/1246","targetHints":{"allow":["GET"]}}],"collection":[{"href":"https:\/\/asdpro.fr\/index.php?rest_route=\/wp\/v2\/pages"}],"about":[{"href":"https:\/\/asdpro.fr\/index.php?rest_route=\/wp\/v2\/types\/page"}],"author":[{"embeddable":true,"href":"https:\/\/asdpro.fr\/index.php?rest_route=\/wp\/v2\/users\/1"}],"replies":[{"embeddable":true,"href":"https:\/\/asdpro.fr\/index.php?rest_route=%2Fwp%2Fv2%2Fcomments&post=1246"}],"version-history":[{"count":14,"href":"https:\/\/asdpro.fr\/index.php?rest_route=\/wp\/v2\/pages\/1246\/revisions"}],"predecessor-version":[{"id":1947,"href":"https:\/\/asdpro.fr\/index.php?rest_route=\/wp\/v2\/pages\/1246\/revisions\/1947"}],"wp:attachment":[{"href":"https:\/\/asdpro.fr\/index.php?rest_route=%2Fwp%2Fv2%2Fmedia&parent=1246"}],"curies":[{"name":"wp","href":"https:\/\/api.w.org\/{rel}","templated":true}]}}