{"id":1241,"date":"2018-08-05T16:39:00","date_gmt":"2018-08-05T14:39:00","guid":{"rendered":"http:\/\/asdpro.fr\/?page_id=1241"},"modified":"2018-08-14T17:32:29","modified_gmt":"2018-08-14T15:32:29","slug":"nous-sommes-un-syndicat-confronte-a-des-problematiques-rps","status":"publish","type":"page","link":"https:\/\/asdpro.fr\/?page_id=1241","title":{"rendered":"Nous sommes un syndicat confront\u00e9 \u00e0 des probl\u00e9matiques RPS"},"content":{"rendered":"<h2 style=\"text-align: center;\"><strong>ASD-PRO met ses comp&eacute;tences au service de syndicats, &eacute;lus CHSCT ou associations, confront&eacute;s &agrave; des probl&eacute;matiques RPS.<\/strong><\/h2>\n<p>&#8211; soit parce que ces organisations sont confront&eacute;es &agrave; des situations individuelles de d&eacute;compensation, suicides, traumatismes psychique &#8230; de salari&eacute;s.<br \/> &#8211; et\/ou parce qu&#8217;elles sont int&eacute;ress&eacute;es par la mise en oeuvre de d&eacute;marches de pr&eacute;vention des RPS.<\/p>\n<p>de fa&ccedil;on g&eacute;n&eacute;rale, lorsque nous sommes sollicit&eacute; par des salari&eacute;s en souffrance ou par des ayants droits en cas de suicide d&#8217;un proche; nous tentons toujours de prendre contact avec les syndicats de l&#8217;entreprise afin d&#8217;obtenir des &eacute;l&eacute;ments contextuels et leur transmettre notre exp&eacute;rience dans les domaines des l&eacute;gislations concernant la reconnaissance ATMP, et la clinique du travail sur laquelle se fonde notre d&eacute;marche.<\/p>\n<p>&nbsp;<\/p>\n<h2 style=\"text-align: center;\"><strong>Nous proposons &eacute;galement des s&eacute;minaires sur l&#8217;ensemble de ces probl&eacute;matiques.<\/strong><br \/> <strong>nos actions sont b&eacute;n&eacute;voles.<\/strong><\/h2>\n<p><strong>l&#8217;objectif de ces s&eacute;minaires:<\/strong><br \/> 1. Comment construire avec le salari&eacute;, le processus d&rsquo;analyse de son activit&eacute; et l&rsquo;aider dans les d&eacute;marches de reconnaissance ATMP.<br \/> 2. Comment passer de l&rsquo;individuel au collectif, organiser le d&eacute;bat au sein du collectif de travail sur le &laquo; travail r&eacute;el &raquo; et proposer des actions de pr&eacute;vention<\/p>\n<p><strong>il s&#8217;agit de:<\/strong><br \/> &bull; Donner les moyens aux salari&eacute;s d&rsquo;acc&eacute;der &agrave; la compr&eacute;hension de ce qu&rsquo;ils vivent, non pas du c&ocirc;t&eacute; de leur individualit&eacute; mais bien du c&ocirc;t&eacute; du travail, afin de leur permettre de reconstruire un sens de leur relation au travail, en particulier en lien avec les autres salari&eacute;s<br \/> &bull; Cr&eacute;er les conditions d&rsquo;un d&eacute;bat dans l&rsquo;espace public de l&rsquo;entreprise sur ces questions dans un but de pr&eacute;vention de ces risques. Il s&rsquo;agit ainsi de permettre aux salari&eacute;s de r&eacute;investir collectivement l&rsquo;organisation du travail<\/p>\n<p>formulaire de contact<\/p>\n","protected":false},"excerpt":{"rendered":"ASD-PRO met ses comp&eacute;tences au service de syndicats, &eacute;lus CHSCT ou associations, confront&eacute;s &agrave; des probl&eacute;matiques RPS. &#8211; soit parce que ces organisations sont confront&eacute;es &agrave; des situations individuelles de d&eacute;compensation, suicides, traumatismes psychique &#8230; de salari&eacute;s. &#8211; et\/ou parce qu&#8217;elles sont int&eacute;ress&eacute;es par la mise en oeuvre de d&eacute;marches de pr&eacute;vention des RPS. de&#8230; <a class=\"view-article\" href=\"https:\/\/asdpro.fr\/?page_id=1241\">Voir l&#8217;article<\/a>","protected":false},"author":1,"featured_media":0,"parent":0,"menu_order":0,"comment_status":"closed","ping_status":"closed","template":"","meta":{"_s2mail":"","footnotes":""},"class_list":["post-1241","page","type-page","status-publish","hentry"],"_links":{"self":[{"href":"https:\/\/asdpro.fr\/index.php?rest_route=\/wp\/v2\/pages\/1241","targetHints":{"allow":["GET"]}}],"collection":[{"href":"https:\/\/asdpro.fr\/index.php?rest_route=\/wp\/v2\/pages"}],"about":[{"href":"https:\/\/asdpro.fr\/index.php?rest_route=\/wp\/v2\/types\/page"}],"author":[{"embeddable":true,"href":"https:\/\/asdpro.fr\/index.php?rest_route=\/wp\/v2\/users\/1"}],"replies":[{"embeddable":true,"href":"https:\/\/asdpro.fr\/index.php?rest_route=%2Fwp%2Fv2%2Fcomments&post=1241"}],"version-history":[{"count":8,"href":"https:\/\/asdpro.fr\/index.php?rest_route=\/wp\/v2\/pages\/1241\/revisions"}],"predecessor-version":[{"id":1410,"href":"https:\/\/asdpro.fr\/index.php?rest_route=\/wp\/v2\/pages\/1241\/revisions\/1410"}],"wp:attachment":[{"href":"https:\/\/asdpro.fr\/index.php?rest_route=%2Fwp%2Fv2%2Fmedia&parent=1241"}],"curies":[{"name":"wp","href":"https:\/\/api.w.org\/{rel}","templated":true}]}}