{"id":123,"date":"2018-05-19T09:39:44","date_gmt":"2018-05-19T07:39:44","guid":{"rendered":"http:\/\/asdpro.fr\/?page_id=123"},"modified":"2022-08-17T10:46:15","modified_gmt":"2022-08-17T08:46:15","slug":"mentions-legales","status":"publish","type":"page","link":"https:\/\/asdpro.fr\/?page_id=123","title":{"rendered":"Mentions l\u00e9gales"},"content":{"rendered":"<p><strong>Directeur de la publication :<\/strong><\/p>\n<p>Michel Lallier, pr\u00e9sident de l&#8217;association ASD-Pro<\/p>\n<p><strong>H\u00e9bergement :&nbsp;<\/strong><\/p>\n<p>1&amp;1 Internet AG<br \/>\nBrauerstr. 48<br \/>\n76135 Karlsruhe<br \/>\nAllemagne<\/p>\n<p><strong>Site :<\/strong><\/p>\n<p>Le logo et le bandeau ont \u00e9t\u00e9 gracieusement r\u00e9alis\u00e9s par St\u00e9phane K. qui souhaite garder l\u2019anonymat et qui offre ses droits d\u2019auteur \u00e0 notre association.<\/p>\n<p>Site r\u00e9alis\u00e9 par&nbsp;<a href=\"http:\/\/thomaslallier.fr\/\" target=\"_blank\" rel=\"noopener\">Thomas Lallier<\/a>.<\/p>\n<p><strong>Utilisation des cookies&nbsp;:<\/strong><\/p>\n<p>Les cookies sont des petits fichiers textes stock\u00e9s sur votre ordinateur qui contiennent des informations permettant au d\u00e9veloppeur du site de conserver des donn\u00e9es afin de faciliter votre navigation et de permettre certaines fonctionnalit\u00e9s.<\/p>\n<p>Si vous souhaitez en savoir plus sur les cookies, vous pouvez consulter&nbsp;<a href=\"http:\/\/www.cnil.fr\/vos-droits\/vos-traces\/les-cookies\/\" target=\"_blank\" rel=\"noopener\">la page de la CNIL consacr\u00e9e au sujet<\/a>.<\/p>\n<p>Si vous souhaitez savoir quels cookies sont d\u00e9pos\u00e9s sur votre ordinateur durant votre navigation, vous pouvez utiliser&nbsp;<a href=\"http:\/\/www.cnil.fr\/vos-droits\/vos-traces\/les-cookies\/telechargez-cookieviz\/\" target=\"_blank\" rel=\"noopener\">CookieViz<\/a>.<\/p>\n<p>ASD-Pro utilise notamment les cookies via la fonctionnalit\u00e9 de partage sur les r\u00e9seaux sociaux (Twitter et Facebook) qui peut permettre au r\u00e9seau social d\u2019associer cette visualisation \u00e0 votre profil.<\/p>\n","protected":false},"excerpt":{"rendered":"Directeur de la publication : Michel Lallier, pr\u00e9sident de l&#8217;association ASD-Pro H\u00e9bergement :&nbsp; 1&amp;1 Internet AG Brauerstr. 48 76135 Karlsruhe Allemagne Site : Le logo et le bandeau ont \u00e9t\u00e9 gracieusement r\u00e9alis\u00e9s par St\u00e9phane K. qui souhaite garder l\u2019anonymat et qui offre ses droits d\u2019auteur \u00e0 notre association. Site r\u00e9alis\u00e9 par&nbsp;Thomas Lallier. Utilisation des cookies&nbsp;:&#8230; <a class=\"view-article\" href=\"https:\/\/asdpro.fr\/?page_id=123\">Voir l&#8217;article<\/a>","protected":false},"author":1,"featured_media":0,"parent":0,"menu_order":0,"comment_status":"closed","ping_status":"closed","template":"","meta":{"_s2mail":"yes","footnotes":""},"class_list":["post-123","page","type-page","status-publish","hentry"],"_links":{"self":[{"href":"https:\/\/asdpro.fr\/index.php?rest_route=\/wp\/v2\/pages\/123","targetHints":{"allow":["GET"]}}],"collection":[{"href":"https:\/\/asdpro.fr\/index.php?rest_route=\/wp\/v2\/pages"}],"about":[{"href":"https:\/\/asdpro.fr\/index.php?rest_route=\/wp\/v2\/types\/page"}],"author":[{"embeddable":true,"href":"https:\/\/asdpro.fr\/index.php?rest_route=\/wp\/v2\/users\/1"}],"replies":[{"embeddable":true,"href":"https:\/\/asdpro.fr\/index.php?rest_route=%2Fwp%2Fv2%2Fcomments&post=123"}],"version-history":[{"count":4,"href":"https:\/\/asdpro.fr\/index.php?rest_route=\/wp\/v2\/pages\/123\/revisions"}],"predecessor-version":[{"id":1897,"href":"https:\/\/asdpro.fr\/index.php?rest_route=\/wp\/v2\/pages\/123\/revisions\/1897"}],"wp:attachment":[{"href":"https:\/\/asdpro.fr\/index.php?rest_route=%2Fwp%2Fv2%2Fmedia&parent=123"}],"curies":[{"name":"wp","href":"https:\/\/api.w.org\/{rel}","templated":true}]}}