{"id":1121,"date":"2018-05-19T16:53:48","date_gmt":"2018-05-19T14:53:48","guid":{"rendered":"http:\/\/asdpro.fr\/?page_id=1121"},"modified":"2023-03-14T14:18:11","modified_gmt":"2023-03-14T13:18:11","slug":"guides","status":"publish","type":"page","link":"https:\/\/asdpro.fr\/?page_id=1121","title":{"rendered":"Guides"},"content":{"rendered":"<div class=\"row\"><a class=\"col-md-4 offset-md-1 carte-guide\" href=\"http:\/\/asdpro.fr\/?page_id=49\"><br \/><i class=\"fas fa-book\"><\/i><br \/>R\u00e9gime<br \/>g\u00e9n\u00e9ral<br \/><\/a><br \/><a class=\"col-md-4 offset-md-1 carte-guide\" href=\"http:\/\/asdpro.fr\/?page_id=58\"><br \/><i class=\"fas fa-book\"><\/i><br \/>Fonction publique<br \/>d&#8217;Etat<\/a><\/div>\n<div class=\"row\"><a class=\"col-md-4 offset-md-1 carte-guide\" href=\"https:\/\/asdpro.fr\/wp-content\/uploads\/2023\/03\/Approches-jurisprudentielles-RPS.pdf\"><br \/><i class=\"fas fa-book\"><\/i><br \/>Jurisprudence<br \/>des RPS<\/a><br \/><a class=\"col-md-4 offset-md-1 carte-guide\" href=\"https:\/\/asdpro.fr\/wp-content\/uploads\/2023\/03\/Faire-reconnaitre-un-traumatisme-psychologique-comme-accident-du-travail-1.pdf\"><br \/><i class=\"fas fa-book\"><\/i><br \/>Faire reconna\u00eetre un traumatisme psychologique comme accident du travail<\/a><\/div>\n\n\n<p><\/p>\n","protected":false},"excerpt":{"rendered":"R\u00e9gimeg\u00e9n\u00e9ralFonction publiqued&#8217;Etat Jurisprudencedes RPSFaire reconna\u00eetre un traumatisme psychologique comme accident du travail","protected":false},"author":1,"featured_media":0,"parent":0,"menu_order":0,"comment_status":"closed","ping_status":"closed","template":"","meta":{"_s2mail":"yes","footnotes":""},"class_list":["post-1121","page","type-page","status-publish","hentry"],"_links":{"self":[{"href":"https:\/\/asdpro.fr\/index.php?rest_route=\/wp\/v2\/pages\/1121","targetHints":{"allow":["GET"]}}],"collection":[{"href":"https:\/\/asdpro.fr\/index.php?rest_route=\/wp\/v2\/pages"}],"about":[{"href":"https:\/\/asdpro.fr\/index.php?rest_route=\/wp\/v2\/types\/page"}],"author":[{"embeddable":true,"href":"https:\/\/asdpro.fr\/index.php?rest_route=\/wp\/v2\/users\/1"}],"replies":[{"embeddable":true,"href":"https:\/\/asdpro.fr\/index.php?rest_route=%2Fwp%2Fv2%2Fcomments&post=1121"}],"version-history":[{"count":18,"href":"https:\/\/asdpro.fr\/index.php?rest_route=\/wp\/v2\/pages\/1121\/revisions"}],"predecessor-version":[{"id":2013,"href":"https:\/\/asdpro.fr\/index.php?rest_route=\/wp\/v2\/pages\/1121\/revisions\/2013"}],"wp:attachment":[{"href":"https:\/\/asdpro.fr\/index.php?rest_route=%2Fwp%2Fv2%2Fmedia&parent=1121"}],"curies":[{"name":"wp","href":"https:\/\/api.w.org\/{rel}","templated":true}]}}